{"id":8513,"date":"2023-10-17T12:51:13","date_gmt":"2023-10-17T10:51:13","guid":{"rendered":"https:\/\/www.shop.claroflex.com\/?post_type=product&#038;p=8513"},"modified":"2025-05-20T13:22:45","modified_gmt":"2025-05-20T11:22:45","slug":"kit3m3p1f-preto-10mm","status":"publish","type":"product","link":"https:\/\/shop.claroflex.com\/pt-br\/product\/kit3m3p1f-preto-10mm\/","title":{"rendered":"KIT3M3P1F &#8211; PRETO &#8211; 10MM"},"content":{"rendered":"<p><strong>ESTE KIT INCLUI OS SEGUINTES PRODUTOS:<\/strong><\/p>\n<ul>\n<li>CRDA205N - PERFIL LEITO SLIDE (PRETO)<\/li>\n<li>CRDA203N - PERFIL TRILHO SUPERIOR DESLIZANTE (PRETO)<\/li>\n<li>CRDA201N - TRILHO INFERIOR SLIDE (PRETO)<\/li>\n<li>CRDA006N - PERFIL U SLIDE (PRETO)<\/li>\n<li>CRDA202N - EXTENSAO INFERIOR SLIDE (PRETO)<\/li>\n<li>CRDA204N - CORREDI\u00c7A SUPERIOR EXTENSA (PRETA)<\/li>\n<li>CRD210 - VEDA\u00c7\u00c3O DE L\u00c1BIO DESLIZANTE DE 10 MM<\/li>\n<li>CRD0142 - 10 MM (PRETO)<\/li>\n<li>CRD207 - TAMPA SIMPLES<\/li>\n<li>CRD208 - TAMPA DO LIMPADOR DE PARA-BRISA<\/li>\n<li>CRD0097 - ESCOVA 7X7 MM PRETA (rolo de 50 metros)<\/li>\n<li>CRD216 - BLOQUEIO DO PAINEL DESLIZANTE<\/li>\n<li>CRD050 - FERRAGEM PAINEL FIXO SLIDE<\/li>\n<li>CRD006P - CARRINHO DESLIZANTE PREMIUM<\/li>\n<\/ul>","protected":false},"excerpt":{"rendered":"<p>ESSE KIT INCLUI OS SEGUINTES PRODUTOS: CRDA205N &#8211; PERFIL LEITO SLIDE (PRETO) CRDA203N &#8211; PERFIL TRILHO SUPERIOR SLIDE (PRETO) CRDA201N &#8211; TRILHO INFERIOR SLIDE (PRETO) CRDA006N &#8211; PERFIL U SLIDE (PRETO) CRDA202N &#8211; EXTENSAO INFERIOR SLIDE (PRETO) CRDA204N &#8211; EXTENSAO SUPERIOR SLIDE (PRETO) CRD210 &#8211; JUNTA ARRASTE 10MM SLIDE CRD0142 &#8211; BORRACHA DE ENVIDRA\u00c7AR 10 [&hellip;]<\/p>\n","protected":false},"featured_media":0,"comment_status":"open","ping_status":"closed","template":"","meta":{"_acf_changed":false,"om_disable_all_campaigns":false,"_monsterinsights_skip_tracking":false,"_monsterinsights_sitenote_active":false,"_monsterinsights_sitenote_note":"","_monsterinsights_sitenote_category":0,"site-sidebar-layout":"default","site-content-layout":"","ast-site-content-layout":"default","site-content-style":"default","site-sidebar-style":"default","ast-global-header-display":"","ast-banner-title-visibility":"","ast-main-header-display":"","ast-hfb-above-header-display":"","ast-hfb-below-header-display":"","ast-hfb-mobile-header-display":"","site-post-title":"","ast-breadcrumbs-content":"","ast-featured-img":"","footer-sml-layout":"","theme-transparent-header-meta":"default","adv-header-id-meta":"","stick-header-meta":"","header-above-stick-meta":"","header-main-stick-meta":"","header-below-stick-meta":"","astra-migrate-meta-layouts":"set","ast-page-background-enabled":"default","ast-page-background-meta":{"desktop":{"background-color":"","background-image":"","background-repeat":"repeat","background-position":"center center","background-size":"auto","background-attachment":"scroll","background-type":"","background-media":"","overlay-type":"","overlay-color":"","overlay-gradient":""},"tablet":{"background-color":"","background-image":"","background-repeat":"repeat","background-position":"center center","background-size":"auto","background-attachment":"scroll","background-type":"","background-media":"","overlay-type":"","overlay-color":"","overlay-gradient":""},"mobile":{"background-color":"","background-image":"","background-repeat":"repeat","background-position":"center center","background-size":"auto","background-attachment":"scroll","background-type":"","background-media":"","overlay-type":"","overlay-color":"","overlay-gradient":""}},"ast-content-background-meta":{"desktop":{"background-color":"var(--ast-global-color-5)","background-image":"","background-repeat":"repeat","background-position":"center center","background-size":"auto","background-attachment":"scroll","background-type":"","background-media":"","overlay-type":"","overlay-color":"","overlay-gradient":""},"tablet":{"background-color":"var(--ast-global-color-5)","background-image":"","background-repeat":"repeat","background-position":"center center","background-size":"auto","background-attachment":"scroll","background-type":"","background-media":"","overlay-type":"","overlay-color":"","overlay-gradient":""},"mobile":{"background-color":"var(--ast-global-color-5)","background-image":"","background-repeat":"repeat","background-position":"center center","background-size":"auto","background-attachment":"scroll","background-type":"","background-media":"","overlay-type":"","overlay-color":"","overlay-gradient":""}}},"product_brand":[],"product_cat":[113],"product_tag":[128,134,136,130,124,126],"class_list":{"0":"post-8513","1":"product","2":"type-product","3":"status-publish","5":"product_cat-produtos-claroflex-brasil","6":"product_tag-10mm","7":"product_tag-1f","8":"product_tag-3m","9":"product_tag-3p","10":"product_tag-kit-slide","11":"product_tag-preto","12":"desktop-align-left","13":"tablet-align-left","14":"mobile-align-left","16":"first","17":"instock","18":"taxable","19":"shipping-taxable","20":"purchasable","21":"product-type-simple"},"acf":[],"aioseo_notices":[],"_links":{"self":[{"href":"https:\/\/shop.claroflex.com\/pt-br\/wp-json\/wp\/v2\/product\/8513","targetHints":{"allow":["GET"]}}],"collection":[{"href":"https:\/\/shop.claroflex.com\/pt-br\/wp-json\/wp\/v2\/product"}],"about":[{"href":"https:\/\/shop.claroflex.com\/pt-br\/wp-json\/wp\/v2\/types\/product"}],"replies":[{"embeddable":true,"href":"https:\/\/shop.claroflex.com\/pt-br\/wp-json\/wp\/v2\/comments?post=8513"}],"wp:attachment":[{"href":"https:\/\/shop.claroflex.com\/pt-br\/wp-json\/wp\/v2\/media?parent=8513"}],"wp:term":[{"taxonomy":"product_brand","embeddable":true,"href":"https:\/\/shop.claroflex.com\/pt-br\/wp-json\/wp\/v2\/product_brand?post=8513"},{"taxonomy":"product_cat","embeddable":true,"href":"https:\/\/shop.claroflex.com\/pt-br\/wp-json\/wp\/v2\/product_cat?post=8513"},{"taxonomy":"product_tag","embeddable":true,"href":"https:\/\/shop.claroflex.com\/pt-br\/wp-json\/wp\/v2\/product_tag?post=8513"}],"curies":[{"name":"wp","href":"https:\/\/api.w.org\/{rel}","templated":true}]}}