{"id":8585,"date":"2023-11-02T08:24:09","date_gmt":"2023-11-02T07:24:09","guid":{"rendered":"https:\/\/www.shop.claroflex.com\/?post_type=product&#038;p=8585"},"modified":"2025-05-20T13:22:54","modified_gmt":"2025-05-20T11:22:54","slug":"kit-6m-pivot-preto-10-mm","status":"publish","type":"product","link":"https:\/\/shop.claroflex.com\/pt\/product\/kit-6m-pivot-preto-10-mm\/","title":{"rendered":"KIT 6M PIVOT PRETO 10 MM"},"content":{"rendered":"<p><strong>ESTE KIT INCLUI OS SEGUINTES PRODUTOS:<\/strong><\/p>\n<ul>\n<li>ALU0026N &#8211; PERFIL LEITO PIVOT 10MM (PRETO)<\/li>\n<li>ALU0036N &#8211; PERFIL COMPENSADOR PIVOT (PRETO)<\/li>\n<li>ALU0016N &#8211; TRILHO PIVOT (PRETO)<\/li>\n<li>ALU0126C &#8211; PERFIL EM &#8216;L&#8217; EM BRUTO<\/li>\n<li>ALU009 &#8211; PERFIL U PIVOT<\/li>\n<li>PAN001 &#8211; CONJUNTO DE GIRO SUPERIOR<\/li>\n<li>PAN002 &#8211; CONJUNTO DE GIRO INFERIOR<\/li>\n<li>PAN003 &#8211; GUIA SUPERIOR<\/li>\n<li>PAN004Z &#8211; GUIA INFERIOR DE METAL<\/li>\n<li>PUE001 &#8211; EIXO DA PORTA<\/li>\n<li>SIS155 &#8211; APOIO (TRILHO) SEM BRA\u00c7O<\/li>\n<li>SIS156 &#8211; APOIO (PAIN\u00c9IS) SEM BRACO<\/li>\n<li>SIS067-E &#8211; SEM BRA\u00c7O TAMPA NA21<\/li>\n<li>SIS066 &#8211; FECHO SUPERIOR SEM BRA\u00c7O<\/li>\n<li>PUE020 &#8211; FECHO INFERIOR<\/li>\n<li>SIS107 &#8211; CONJUNTO COMPENSADOR MINI<\/li>\n<li>PUE003 &#8211; MECANISMO DE GIRO (3 ESPA\u00c7OS)<\/li>\n<li>PUE002-R &#8211; BLOCO PORTA RANHURADO<\/li>\n<li>PUE002 &#8211; BLOCO DA PORTA (SUPERIOR E BLOQUEIO)<\/li>\n<li>SIS014 &#8211; TAMPA DO TRILHO<\/li>\n<li>PUE043 &#8211; SAIDA DOS PAIN\u00c9IS<\/li>\n<li>TOR002 &#8211; PARAFUSOS 35 X 95<\/li>\n<li>SIS0041 &#8211; ESCOVA<\/li>\n<li>CHP001 &#8211; CHAPA ACABAMENTO CLAROFLEX<\/li>\n<li>SIS163N &#8211; TAMPA TIPO A PRETA (LISA)<\/li>\n<li>SIS164N &#8211; TAMPA TIPO B PRETA (DIREITA)<\/li>\n<li>SIS165N &#8211; TAMPA TIPO C PRETA (ESQUERDA)<\/li>\n<li>PUE010 &#8211; PUXADOR PIVOT VIDRO<\/li>\n<li>SIS021 &#8211; CINTA DE FIXA\u00c7\u00c3O DOS PAIN\u00c9IS<\/li>\n<li>SIS00532 &#8211; JUNTA 10 MM &#8216;h&#8217;<\/li>\n<li>SIS002T &#8211; PISTA DESLIZANTE BRANCA<\/li>\n<li>ADH001 &#8211; POLIMERO CLAROFLEX PU<\/li>\n<\/ul>","protected":false},"excerpt":{"rendered":"<p>ESSE KIT INCLUI OS SEGUINTES PRODUTOS: ALU0026N &#8211; PERFIL LEITO PIVOT 10MM (PRETO) ALU0036N &#8211; PERFIL COMPENSADOR PIVOT (PRETO) ALU0016N &#8211; TRILHO PIVOT (PRETO) ALU0126C &#8211; PERFIL EM &#8216;L&#8217; EM BRUTO ALU009 &#8211; PERFIL U PIVOT PAN001 &#8211; CONJUNTO DE GIRO SUPERIOR PAN002 &#8211; CONJUNTO DE GIRO INFERIOR PAN003 &#8211; GUIA SUPERIOR PAN004Z &#8211; GUIA [&hellip;]<\/p>\n","protected":false},"featured_media":0,"comment_status":"open","ping_status":"closed","template":"","meta":{"_acf_changed":false,"om_disable_all_campaigns":false,"_monsterinsights_skip_tracking":false,"_monsterinsights_sitenote_active":false,"_monsterinsights_sitenote_note":"","_monsterinsights_sitenote_category":0,"site-sidebar-layout":"default","site-content-layout":"","ast-site-content-layout":"default","site-content-style":"default","site-sidebar-style":"default","ast-global-header-display":"","ast-banner-title-visibility":"","ast-main-header-display":"","ast-hfb-above-header-display":"","ast-hfb-below-header-display":"","ast-hfb-mobile-header-display":"","site-post-title":"","ast-breadcrumbs-content":"","ast-featured-img":"","footer-sml-layout":"","theme-transparent-header-meta":"default","adv-header-id-meta":"","stick-header-meta":"","header-above-stick-meta":"","header-main-stick-meta":"","header-below-stick-meta":"","astra-migrate-meta-layouts":"set","ast-page-background-enabled":"default","ast-page-background-meta":{"desktop":{"background-color":"","background-image":"","background-repeat":"repeat","background-position":"center center","background-size":"auto","background-attachment":"scroll","background-type":"","background-media":"","overlay-type":"","overlay-color":"","overlay-gradient":""},"tablet":{"background-color":"","background-image":"","background-repeat":"repeat","background-position":"center center","background-size":"auto","background-attachment":"scroll","background-type":"","background-media":"","overlay-type":"","overlay-color":"","overlay-gradient":""},"mobile":{"background-color":"","background-image":"","background-repeat":"repeat","background-position":"center center","background-size":"auto","background-attachment":"scroll","background-type":"","background-media":"","overlay-type":"","overlay-color":"","overlay-gradient":""}},"ast-content-background-meta":{"desktop":{"background-color":"var(--ast-global-color-5)","background-image":"","background-repeat":"repeat","background-position":"center center","background-size":"auto","background-attachment":"scroll","background-type":"","background-media":"","overlay-type":"","overlay-color":"","overlay-gradient":""},"tablet":{"background-color":"var(--ast-global-color-5)","background-image":"","background-repeat":"repeat","background-position":"center center","background-size":"auto","background-attachment":"scroll","background-type":"","background-media":"","overlay-type":"","overlay-color":"","overlay-gradient":""},"mobile":{"background-color":"var(--ast-global-color-5)","background-image":"","background-repeat":"repeat","background-position":"center center","background-size":"auto","background-attachment":"scroll","background-type":"","background-media":"","overlay-type":"","overlay-color":"","overlay-gradient":""}}},"product_brand":[],"product_cat":[113],"product_tag":[128,121,122,126],"class_list":{"0":"post-8585","1":"product","2":"type-product","3":"status-publish","5":"product_cat-produtos-claroflex-brasil","6":"product_tag-10mm","7":"product_tag-6m","8":"product_tag-kit-pivot","9":"product_tag-preto","10":"desktop-align-left","11":"tablet-align-left","12":"mobile-align-left","14":"first","15":"instock","16":"taxable","17":"shipping-taxable","18":"purchasable","19":"product-type-simple"},"acf":[],"aioseo_notices":[],"_links":{"self":[{"href":"https:\/\/shop.claroflex.com\/pt\/wp-json\/wp\/v2\/product\/8585","targetHints":{"allow":["GET"]}}],"collection":[{"href":"https:\/\/shop.claroflex.com\/pt\/wp-json\/wp\/v2\/product"}],"about":[{"href":"https:\/\/shop.claroflex.com\/pt\/wp-json\/wp\/v2\/types\/product"}],"replies":[{"embeddable":true,"href":"https:\/\/shop.claroflex.com\/pt\/wp-json\/wp\/v2\/comments?post=8585"}],"wp:attachment":[{"href":"https:\/\/shop.claroflex.com\/pt\/wp-json\/wp\/v2\/media?parent=8585"}],"wp:term":[{"taxonomy":"product_brand","embeddable":true,"href":"https:\/\/shop.claroflex.com\/pt\/wp-json\/wp\/v2\/product_brand?post=8585"},{"taxonomy":"product_cat","embeddable":true,"href":"https:\/\/shop.claroflex.com\/pt\/wp-json\/wp\/v2\/product_cat?post=8585"},{"taxonomy":"product_tag","embeddable":true,"href":"https:\/\/shop.claroflex.com\/pt\/wp-json\/wp\/v2\/product_tag?post=8585"}],"curies":[{"name":"wp","href":"https:\/\/api.w.org\/{rel}","templated":true}]}}